{"id":105,"date":"2025-02-16T12:24:29","date_gmt":"2025-02-16T11:24:29","guid":{"rendered":"https:\/\/avenida-maintenance.de\/main\/?page_id=105"},"modified":"2026-03-11T09:17:11","modified_gmt":"2026-03-11T08:17:11","slug":"home","status":"publish","type":"page","link":"https:\/\/avenida-maintenance.de\/main\/home\/","title":{"rendered":"Wartung Service Reparatur"},"content":{"rendered":"\n<div class=\"wp-block-columns is-layout-flex wp-container-core-columns-is-layout-28f84493 wp-block-columns-is-layout-flex\">\n<div class=\"wp-block-column is-layout-flow wp-block-column-is-layout-flow\">\n<div class=\"wp-block-group is-nowrap is-layout-flex wp-container-core-group-is-layout-6c531013 wp-block-group-is-layout-flex\">\n<div class=\"wp-block-group has-global-padding is-layout-constrained wp-block-group-is-layout-constrained\">\n<p class=\"has-background\" style=\"background-color:#83bb26\"><strong>Wartungen in Schulen, Betrieben und \u00f6ffentlichen Einrichtungen.&nbsp;&nbsp;<\/strong><\/p>\n<\/div>\n<\/div>\n<\/div>\n\n\n\n<div class=\"wp-block-column is-layout-flow wp-block-column-is-layout-flow\">\n<p class=\"has-background\" style=\"background-color:#83bb26\"><strong>avenida_maintenance<\/strong> entwickelt und implementiert technische L\u00f6sungen f\u00fcr die Facility-Branche \u2013 mit Schwerpunkten in den Bereichen Betriebssicherheit sowie der Wartung von Betriebsmitteln im Catering.&nbsp;&nbsp;<\/p>\n<\/div>\n<\/div>\n\n\n\n<div class=\"wp-block-columns is-not-stacked-on-mobile is-layout-flex wp-container-core-columns-is-layout-28f84493 wp-block-columns-is-layout-flex\">\n<div class=\"wp-block-column is-vertically-aligned-center is-layout-flow wp-block-column-is-layout-flow\" style=\"flex-basis:33.33%\">\n<figure class=\"wp-block-image alignright size-full is-resized is-style-rounded\"><img loading=\"lazy\" decoding=\"async\" width=\"926\" height=\"1014\" src=\"https:\/\/avenida-maintenance.de\/wp-content\/uploads\/2025\/06\/Bild1.jpg\" alt=\"\" class=\"wp-image-304\" style=\"width:234px;height:auto\" srcset=\"https:\/\/avenida-maintenance.de\/wp-content\/uploads\/2025\/06\/Bild1.jpg 926w, https:\/\/avenida-maintenance.de\/wp-content\/uploads\/2025\/06\/Bild1-274x300.jpg 274w, https:\/\/avenida-maintenance.de\/wp-content\/uploads\/2025\/06\/Bild1-768x841.jpg 768w, https:\/\/avenida-maintenance.de\/wp-content\/uploads\/2025\/06\/Bild1-230x252.jpg 230w, https:\/\/avenida-maintenance.de\/wp-content\/uploads\/2025\/06\/Bild1-350x383.jpg 350w, https:\/\/avenida-maintenance.de\/wp-content\/uploads\/2025\/06\/Bild1-480x526.jpg 480w\" sizes=\"auto, (max-width: 926px) 100vw, 926px\" \/><\/figure>\n<\/div>\n\n\n\n<div class=\"wp-block-column is-layout-flow wp-block-column-is-layout-flow\" style=\"flex-basis:66.66%\">\n<blockquote class=\"wp-block-quote has-small-font-size is-layout-flow wp-block-quote-is-layout-flow\">\n<p>\u201eKundenzufriedenheit hat immer ein und denselben Grund: Gute Arbeit \u2013 z\u00fcgig, kompetent und normgerecht. Das ist unser Anspruch. Jeden Tag.\u201c&nbsp;<\/p>\n<cite><strong>Technische Leitung<\/strong><br><em>Dipl. Inf. (FH)<\/em> <br><strong>J\u00f6n Bertram<\/strong><\/cite><\/blockquote>\n<\/div>\n<\/div>\n\n\n\n<p class=\"has-black-color has-cyan-bluish-gray-background-color has-text-color has-background has-link-color wp-elements-44bf99b47103f63c3c84a96877764e54\"><strong>Unsere Leistungen:<\/strong><\/p>\n\n\n\n<ul class=\"wp-block-list\">\n<li><strong>DGUV V3<\/strong> Pr\u00fcfungen (ehem. BGV A3) ortsfester und ortsver\u00e4nderlicher Betriebsmittel<\/li>\n\n\n\n<li>Sanit\u00e4re <strong>Reparaturen <\/strong>nach VDI 6023<\/li>\n\n\n\n<li><strong>Fettabscheider <\/strong>Generalinspektion durch Fachkundige nach DIN 4040-100<\/li>\n\n\n\n<li><strong>Elektroinstallationen <\/strong>vom Z\u00e4hler zu den Betriebsmitteln nach VDE<\/li>\n\n\n\n<li><strong>Entst\u00f6rung <\/strong>bei Netzwerkproblemen<\/li>\n\n\n\n<li><strong>Wartungen <\/strong>nach Herstellerangaben<\/li>\n\n\n\n<li>Strukturierte <strong>Fehlersuche <\/strong>an Betriebsmitteln<\/li>\n\n\n\n<li>Wartung und Pr\u00fcfung von <strong>Feststellanlagen <\/strong>DIBt und DIN 14677-1 und -2<\/li>\n\n\n\n<li>Installation und Wartung von <strong>Rauchwarnmeldern <\/strong>nach DIN 14676-1 und -2<\/li>\n\n\n\n<li>Wartung und Pr\u00fcfung von <strong>nat\u00fcrlichen W\u00e4rme- und Rauchabzugsanlagen<\/strong> (NRA) nach DIN 18232<\/li>\n\n\n\n<li>Aufbau, Installation und <strong>Inbetriebnahme <\/strong>von Betriebsmitteln nach Herstellerangaben<\/li>\n\n\n\n<li><strong>Einweisungen <\/strong>vor Ort<\/li>\n<\/ul>\n\n\n\n<div class=\"wp-block-columns is-layout-flex wp-container-core-columns-is-layout-28f84493 wp-block-columns-is-layout-flex\">\n<div class=\"wp-block-column is-layout-flow wp-block-column-is-layout-flow\">\n<p class=\"has-background\" style=\"border-style:none;border-width:0px;background-color:#83bb26\">Betrieb und Lager von <strong>avenida_maintenance<\/strong> befinden sich am Berliner Westhafen mit unmittelbarem Anschluss an den Autobahnring \u2013 von hier aus erreichen wir Sie im Gro\u00dfraum Berlin z\u00fcgig und zuverl\u00e4ssig. Mit der Reparatur \u00fcbernehmen wir auch die Logistik, um reibungslose Abl\u00e4ufe wiederherzustellen oder zu etablieren. F\u00fcr Notf\u00e4lle halten wir gewartete Austauschger\u00e4te bereit.&nbsp;<\/p>\n<\/div>\n\n\n\n<div class=\"wp-block-column is-layout-flow wp-block-column-is-layout-flow\" style=\"border-style:none;border-width:0px;border-radius:0px\">\n<figure class=\"wp-block-image alignright size-full is-resized\"><img loading=\"lazy\" decoding=\"async\" width=\"212\" height=\"239\" src=\"http:\/\/avenida-maintenance.de\/wp-content\/uploads\/2025\/02\/liste.png\" alt=\"\" class=\"wp-image-129\" style=\"width:115px;height:auto\"\/><\/figure>\n\n\n\n<p class=\"has-background\" style=\"background-color:#83bb26\"><mark style=\"background-color:rgba(0, 0, 0, 0);color:#003366\" class=\"has-inline-color\">Unsere Messger\u00e4te und Protokolle sind genormt. <\/mark><br><mark style=\"background-color:rgba(0, 0, 0, 0);color:#003366\" class=\"has-inline-color\">Unsere Pr\u00fcfungen dokumentieren wir rechtssicher.<\/mark><\/p>\n<\/div>\n<\/div>\n\n\n\n<div class=\"wp-block-cover is-light has-parallax has-small-font-size\" style=\"min-height:254px;aspect-ratio:unset;\"><div class=\"wp-block-cover__image-background wp-image-53 has-parallax\" style=\"background-position:50% 50%;background-image:url(http:\/\/avenida-maintenance.de\/wp-content\/uploads\/2025\/01\/cropped-IMG_20250115_103151610_HDR-scaled-1.jpg)\"><\/div><span aria-hidden=\"true\" class=\"wp-block-cover__background has-cyan-bluish-gray-background-color has-background-dim\"><\/span><div class=\"wp-block-cover__inner-container has-global-padding is-layout-constrained wp-block-cover-is-layout-constrained\">\n<p class=\"has-text-align-center has-medium-font-size\" style=\"font-style:italic;font-weight:700\">Vertrauen Sie auf unseren fachgerechten Support \u2013 im Gro\u00dfraum Berlin mit einheitlicher Anfahrtspauschale.&nbsp;<\/p>\n<\/div><\/div>\n\n\n\n<div class=\"wp-block-columns is-not-stacked-on-mobile is-layout-flex wp-container-core-columns-is-layout-28f84493 wp-block-columns-is-layout-flex\">\n<div class=\"wp-block-column is-layout-flow wp-block-column-is-layout-flow\" style=\"flex-basis:100%\">\n<h3 class=\"wp-block-heading\"><strong><strong>Mobile Pr\u00fcfungen f\u00fcr ein Maximum an Sicherheit<\/strong><\/strong><\/h3>\n\n\n\n<div class=\"wp-block-columns is-not-stacked-on-mobile is-layout-flex wp-container-core-columns-is-layout-28f84493 wp-block-columns-is-layout-flex\">\n<div class=\"wp-block-column is-layout-flow wp-block-column-is-layout-flow\" style=\"flex-basis:66.66%\">\n<p>Wir haben unseren Service f\u00fcr Betriebe erweitert: Ganz gleich ob 240 V oder 400 V \u2013 mit unseren zeitnahen, rechtssicheren Pr\u00fcfungen stehen wir Ihnen zur Seite. Unsere Messger\u00e4te sind geeicht, die Protokolle genormt und auch die Dokumentation unserer Pr\u00fcfungen ist gerichtsfest. Wir begleiten Sie von der Anschaffung \u00fcber den Regelbetrieb (Wartung &amp; Reparatur) bis hin zur pers\u00f6nlichen Einweisung Ihrer Mitarbeiter in die neuen Betriebsmittel.<\/p>\n<\/div>\n\n\n\n<div class=\"wp-block-column is-layout-flow wp-block-column-is-layout-flow\" style=\"flex-basis:33.33%\">\n<figure class=\"wp-block-image alignleft size-full is-resized\"><img loading=\"lazy\" decoding=\"async\" width=\"199\" height=\"262\" src=\"http:\/\/avenida-maintenance.de\/wp-content\/uploads\/2025\/01\/zertifikat.png\" alt=\"\" class=\"wp-image-71\" style=\"width:83px;height:auto\"\/><\/figure>\n<\/div>\n<\/div>\n<\/div>\n<\/div>\n\n\n\n<figure class=\"wp-block-image size-full is-resized has-custom-border\"><img loading=\"lazy\" decoding=\"async\" width=\"1024\" height=\"1024\" src=\"https:\/\/avenida-maintenance.de\/wp-content\/uploads\/2025\/04\/monteur.png\" alt=\"\" class=\"wp-image-288\" style=\"border-width:15px;border-radius:0px;width:758px;height:auto\" srcset=\"https:\/\/avenida-maintenance.de\/wp-content\/uploads\/2025\/04\/monteur.png 1024w, https:\/\/avenida-maintenance.de\/wp-content\/uploads\/2025\/04\/monteur-300x300.png 300w, https:\/\/avenida-maintenance.de\/wp-content\/uploads\/2025\/04\/monteur-150x150.png 150w, https:\/\/avenida-maintenance.de\/wp-content\/uploads\/2025\/04\/monteur-768x768.png 768w, https:\/\/avenida-maintenance.de\/wp-content\/uploads\/2025\/04\/monteur-1000x1000.png 1000w, https:\/\/avenida-maintenance.de\/wp-content\/uploads\/2025\/04\/monteur-230x230.png 230w, https:\/\/avenida-maintenance.de\/wp-content\/uploads\/2025\/04\/monteur-350x350.png 350w, https:\/\/avenida-maintenance.de\/wp-content\/uploads\/2025\/04\/monteur-480x480.png 480w\" sizes=\"auto, (max-width: 1024px) 100vw, 1024px\" \/><\/figure>\n\n\n\n<div class=\"wp-block-columns is-not-stacked-on-mobile is-layout-flex wp-container-core-columns-is-layout-28f84493 wp-block-columns-is-layout-flex\">\n<div class=\"wp-block-column is-vertically-aligned-center is-layout-flow wp-block-column-is-layout-flow\" style=\"flex-basis:33.33%\">\n<figure class=\"wp-block-image alignright is-resized\"><img loading=\"lazy\" decoding=\"async\" width=\"223\" height=\"223\" src=\"http:\/\/avenida-maintenance.de\/wp-content\/uploads\/2025\/02\/info.png\" alt=\"\" class=\"wp-image-126\" style=\"width:102px;height:auto\" srcset=\"https:\/\/avenida-maintenance.de\/wp-content\/uploads\/2025\/02\/info.png 223w, https:\/\/avenida-maintenance.de\/wp-content\/uploads\/2025\/02\/info-150x150.png 150w\" sizes=\"auto, (max-width: 223px) 100vw, 223px\" \/><\/figure>\n<\/div>\n\n\n\n<div class=\"wp-block-column is-layout-flow wp-block-column-is-layout-flow\" style=\"flex-basis:66.66%\">\n<h3 class=\"wp-block-heading\"><strong><strong>Ihre Pluspunkte<\/strong><\/strong><\/h3>\n\n\n\n<p><strong>avenida_maintenance<\/strong> sorgt f\u00fcr die schnelle, sichere und nachhaltige Beseitigung von technischen St\u00f6rungen in Ihrem Betriebsablauf. Schon innerhalb weniger Stunden k\u00f6nnen Sie mit unserer Fehler-Diagnose und den notwendigen Schritten zur Behebung der St\u00f6rung rechnen. Wir erstellen detaillierte Wartungs- und Pr\u00fcfungspl\u00e4ne nach Herstellerangaben, um s\u00e4mtlichen Hygiene- und Sicherheitsstandards im Umgang mit Ihren Betriebsmitteln zu entsprechen.<\/p>\n<\/div>\n<\/div>\n\n\n\n<h3 class=\"wp-block-heading\"><strong><strong>Zertifizierte Pr\u00fcfungen &amp; Wartungslisten<\/strong><\/strong><\/h3>\n\n\n\n<div class=\"wp-block-columns is-not-stacked-on-mobile is-layout-flex wp-container-core-columns-is-layout-28f84493 wp-block-columns-is-layout-flex\">\n<div class=\"wp-block-column is-vertically-aligned-center is-layout-flow wp-block-column-is-layout-flow\" style=\"flex-basis:33.33%\">\n<figure class=\"wp-block-image alignright is-resized\"><img loading=\"lazy\" decoding=\"async\" width=\"212\" height=\"239\" src=\"http:\/\/avenida-maintenance.de\/wp-content\/uploads\/2025\/02\/liste.png\" alt=\"\" class=\"wp-image-129\" style=\"width:109px;height:auto\"\/><\/figure>\n<\/div>\n\n\n\n<div class=\"wp-block-column is-layout-flow wp-block-column-is-layout-flow\" style=\"flex-basis:66.66%\">\n<p>Auf uns k\u00f6nnen Sie sich verlassen: Sie erhalten ein rechtssicheres Pr\u00fcfergebnis mit Ihren Daten. Und nicht nur das: Wir erinnern Sie rechtzeitig an bevorstehende Nachpr\u00fcfungen \u2013 so k\u00f6nnen Sie sich auf die wichtigen Dinge konzentrieren. Unsere Wartungslisten orientieren sich eng an den Herstellerangaben, um den einwandfreien Zustand Ihrer Ger\u00e4te dauerhaft zu gew\u00e4hrleisten. Damit minimieren Sie Ihre Wartungs- und Reparaturkosten und vermeiden Ausfallzeiten.<\/p>\n<\/div>\n<\/div>\n\n\n\n<div class=\"wp-block-columns is-not-stacked-on-mobile is-layout-flex wp-container-core-columns-is-layout-28f84493 wp-block-columns-is-layout-flex\">\n<div class=\"wp-block-column is-layout-flow wp-block-column-is-layout-flow\" style=\"flex-basis:100%\">\n<h3 class=\"wp-block-heading\"><strong><strong>Jetzt Angebot einholen<\/strong><\/strong>&nbsp;<\/h3>\n\n\n\n<div class=\"wp-block-columns is-not-stacked-on-mobile is-layout-flex wp-container-core-columns-is-layout-28f84493 wp-block-columns-is-layout-flex\">\n<div class=\"wp-block-column is-layout-flow wp-block-column-is-layout-flow\" style=\"flex-basis:66.66%\">\n<p>Unsere Preise setzen sich transparent aus Anfahrt, Material und Aufwand (Monteurstunden) zusammen. Wir erstellen Ihnen gerne eine individuelles Angebot \u2013 Sie erhalten einen nachvollziehbaren Leistungsnachweis<\/p>\n<\/div>\n\n\n\n<div class=\"wp-block-column is-layout-flow wp-block-column-is-layout-flow\" style=\"flex-basis:33.33%\">\n<figure class=\"wp-block-image alignleft size-full is-resized\"><img loading=\"lazy\" decoding=\"async\" width=\"252\" height=\"252\" src=\"https:\/\/avenida-maintenance.de\/wp-content\/uploads\/2025\/02\/euro.png\" alt=\"\" class=\"wp-image-122\" style=\"width:102px;height:auto\" srcset=\"https:\/\/avenida-maintenance.de\/wp-content\/uploads\/2025\/02\/euro.png 252w, https:\/\/avenida-maintenance.de\/wp-content\/uploads\/2025\/02\/euro-150x150.png 150w, https:\/\/avenida-maintenance.de\/wp-content\/uploads\/2025\/02\/euro-230x230.png 230w\" sizes=\"auto, (max-width: 252px) 100vw, 252px\" \/><\/figure>\n<\/div>\n<\/div>\n<\/div>\n<\/div>\n\n\n\n<div class=\"wp-block-columns are-vertically-aligned-top is-not-stacked-on-mobile is-layout-flex wp-container-core-columns-is-layout-28f84493 wp-block-columns-is-layout-flex\">\n<div class=\"wp-block-column is-vertically-aligned-top is-layout-flow wp-block-column-is-layout-flow\" style=\"flex-basis:33.33%\"><\/div>\n\n\n\n<div class=\"wp-block-column is-vertically-aligned-top is-layout-flow wp-block-column-is-layout-flow\" style=\"flex-basis:66.66%\">\n<div class=\"wpcf7 no-js\" id=\"wpcf7-f236-o1\" lang=\"de-DE\" dir=\"ltr\" data-wpcf7-id=\"236\">\n<div class=\"screen-reader-response\"><p role=\"status\" aria-live=\"polite\" aria-atomic=\"true\"><\/p> <ul><\/ul><\/div>\n<form action=\"\/main\/home\/wp-json\/wp\/v2\/pages\/105#wpcf7-f236-o1\" method=\"post\" class=\"wpcf7-form init\" aria-label=\"Kontaktformular\" novalidate=\"novalidate\" data-status=\"init\">\n<fieldset class=\"hidden-fields-container\"><input type=\"hidden\" name=\"_wpcf7\" value=\"236\" \/><input type=\"hidden\" name=\"_wpcf7_version\" value=\"6.1.5\" \/><input type=\"hidden\" name=\"_wpcf7_locale\" value=\"de_DE\" \/><input type=\"hidden\" name=\"_wpcf7_unit_tag\" value=\"wpcf7-f236-o1\" \/><input type=\"hidden\" name=\"_wpcf7_container_post\" value=\"0\" \/><input type=\"hidden\" name=\"_wpcf7_posted_data_hash\" value=\"\" \/>\n<\/fieldset>\n<p><label> Ihr Name<br \/>\n<span class=\"wpcf7-form-control-wrap\" data-name=\"your-name\"><input size=\"40\" maxlength=\"400\" class=\"wpcf7-form-control wpcf7-text wpcf7-validates-as-required\" autocomplete=\"name\" aria-required=\"true\" aria-invalid=\"false\" value=\"\" type=\"text\" name=\"your-name\" \/><\/span> <\/label>\n<\/p>\n<p><label> Ihre E-Mail-Adresse<br \/>\n<span class=\"wpcf7-form-control-wrap\" data-name=\"your-email\"><input size=\"40\" maxlength=\"400\" class=\"wpcf7-form-control wpcf7-email wpcf7-validates-as-required wpcf7-text wpcf7-validates-as-email\" autocomplete=\"email\" aria-required=\"true\" aria-invalid=\"false\" value=\"\" type=\"email\" name=\"your-email\" \/><\/span> <\/label>\n<\/p>\n<p><label> Betreff<br \/>\n<span class=\"wpcf7-form-control-wrap\" data-name=\"your-subject\"><input size=\"40\" maxlength=\"400\" class=\"wpcf7-form-control wpcf7-text wpcf7-validates-as-required\" aria-required=\"true\" aria-invalid=\"false\" value=\"\" type=\"text\" name=\"your-subject\" \/><\/span> <\/label>\n<\/p>\n<p><label> Ihre Nachricht (optional)<br \/>\n<span class=\"wpcf7-form-control-wrap\" data-name=\"your-message\"><textarea cols=\"40\" rows=\"10\" maxlength=\"2000\" class=\"wpcf7-form-control wpcf7-textarea\" aria-invalid=\"false\" name=\"your-message\"><\/textarea><\/span> <\/label>\n<\/p>\n<p><input class=\"wpcf7-form-control wpcf7-submit has-spinner\" type=\"submit\" value=\"Senden\" \/>\n<\/p><div class=\"wpcf7-response-output\" aria-hidden=\"true\"><\/div>\n<\/form>\n<\/div>\n\n<\/div>\n<\/div>\n\n\n\n<h3 class=\"wp-block-heading\" id=\"kontakt\"><strong>Kontakt<\/strong><\/h3>\n\n\n\n<p><strong>Avenida Maintenance Projektentwicklungs GmbH<\/strong><br>Kneesebeckstr. 59-61<br>10719 Berlin<\/p>\n\n\n\n<p>Tel: +49 30 8906 4210<br><a href=\"mailto:info@avenida-maintenance.de\">info@avenida-maintenance.de<\/a><\/p>\n","protected":false},"excerpt":{"rendered":"<p>Wartungen in Schulen, Betrieben und \u00f6ffentlichen Einrichtungen.&nbsp;&nbsp; avenida_maintenance entwickelt und implementiert technische L\u00f6sungen f\u00fcr die Facility-Branche \u2013 mit Schwerpunkten in den Bereichen [&hellip;]<\/p>\n","protected":false},"author":1,"featured_media":0,"parent":0,"menu_order":0,"comment_status":"closed","ping_status":"closed","template":"","meta":{"footnotes":""},"class_list":["post-105","page","type-page","status-publish","hentry"],"_links":{"self":[{"href":"https:\/\/avenida-maintenance.de\/main\/home\/wp-json\/wp\/v2\/pages\/105","targetHints":{"allow":["GET"]}}],"collection":[{"href":"https:\/\/avenida-maintenance.de\/main\/home\/wp-json\/wp\/v2\/pages"}],"about":[{"href":"https:\/\/avenida-maintenance.de\/main\/home\/wp-json\/wp\/v2\/types\/page"}],"author":[{"embeddable":true,"href":"https:\/\/avenida-maintenance.de\/main\/home\/wp-json\/wp\/v2\/users\/1"}],"replies":[{"embeddable":true,"href":"https:\/\/avenida-maintenance.de\/main\/home\/wp-json\/wp\/v2\/comments?post=105"}],"version-history":[{"count":9,"href":"https:\/\/avenida-maintenance.de\/main\/home\/wp-json\/wp\/v2\/pages\/105\/revisions"}],"predecessor-version":[{"id":310,"href":"https:\/\/avenida-maintenance.de\/main\/home\/wp-json\/wp\/v2\/pages\/105\/revisions\/310"}],"wp:attachment":[{"href":"https:\/\/avenida-maintenance.de\/main\/home\/wp-json\/wp\/v2\/media?parent=105"}],"curies":[{"name":"wp","href":"https:\/\/api.w.org\/{rel}","templated":true}]}}